{"id":3897,"date":"2021-04-16T13:29:00","date_gmt":"2021-04-16T10:29:00","guid":{"rendered":"https:\/\/volcanoboat.eu\/sikia\/"},"modified":"2022-03-10T11:47:57","modified_gmt":"2022-03-10T08:47:57","slug":"sikia","status":"publish","type":"page","link":"https:\/\/volcanoboat.eu\/fr\/sikia\/","title":{"rendered":"Sikia"},"content":{"rendered":"<p>[vc_row enable_surfer_icon=\u00a0\u00bbno\u00a0\u00bb css=\u00a0\u00bb.vc_custom_1618228165290{padding-top: 88px !important;background-position: center !important;background-repeat: no-repeat !important;background-size: cover !important;}\u00a0\u00bb][vc_column]<div class=\"qodef-elements-holder   qodef-one-column  qodef-responsive-mode-768 \" ><div class=\"qodef-eh-item    \"  data-item-class=\"qodef-eh-custom-8626\" data-1400-1600=\"0 27%\" data-1025-1399=\"0 26%\" data-769-1024=\"0 18%\" data-681-768=\"0 8%\" data-680=\"0 10%\">\n\t<div class=\"qodef-eh-item-inner\">\n\t\t<div class=\"qodef-eh-item-content qodef-eh-custom-8626\" style=\"padding: 0 33%\">\n\t\t\t<div class=\"qodef-section-title-holder  \" style=\"text-align: center\">\n\t<div class=\"qodef-st-inner\">\n                    <span class=\"qodef-st-background-text\" style=\"text-align: left\"><\/span>\n        \t\t\t\t\t<h2 class=\"qodef-st-title\" >\n\t\t\t\tSIKIA\t\t\t<\/h2>\n\t\t                        <span class=\"qodef-st-caption\" style=\"margin: 15px 0 0\">La magnifique grotte marine qui voit le ciel, accessible uniquement par la mer. Le Volcano Boat est le seul bateau touristique qui entre par la petite entr\u00e9e du magnifique paysage int\u00e9rieur.<\/span>\n        \t\t\t\t\t<\/div>\n<\/div>\t\t<\/div>\n\t<\/div>\n<\/div><\/div>[\/vc_column][\/vc_row][vc_row row_content_width=\u00a0\u00bbgrid\u00a0\u00bb enable_surfer_icon=\u00a0\u00bbno\u00a0\u00bb][vc_column css=\u00a0\u00bb.vc_custom_1580483690261{padding-top: 125px !important;padding-bottom: 62px !important;}\u00a0\u00bb][vc_masonry_media_grid initial_loading_animation=\u00a0\u00bbfadeIn\u00a0\u00bb grid_id=\u00a0\u00bbvc_gid:1646902062704-e20830cb-aac8-0&Prime; include=\u00a0\u00bb3910,3909,3908,3912,3911,3913&Prime;][\/vc_column][\/vc_row]<\/p>\n","protected":false},"excerpt":{"rendered":"<p>[vc_row enable_surfer_icon=\u00a0\u00bbno\u00a0\u00bb css=\u00a0\u00bb.vc_custom_1618228165290{padding-top: 88px !important;background-position: center !important;background-repeat: no-repeat !important;background-size: cover !important;}\u00a0\u00bb][vc_column][\/vc_column][\/vc_row][vc_row row_content_width=\u00a0\u00bbgrid\u00a0\u00bb enable_surfer_icon=\u00a0\u00bbno\u00a0\u00bb][vc_column css=\u00a0\u00bb.vc_custom_1580483690261{padding-top: 125px !important;padding-bottom: 62px !important;}\u00a0\u00bb][vc_masonry_media_grid initial_loading_animation=\u00a0\u00bbfadeIn\u00a0\u00bb grid_id=\u00a0\u00bbvc_gid:1646902062704-e20830cb-aac8-0&Prime; include=\u00a0\u00bb3910,3909,3908,3912,3911,3913&Prime;][\/vc_column][\/vc_row]<\/p>\n","protected":false},"author":1,"featured_media":0,"parent":0,"menu_order":0,"comment_status":"closed","ping_status":"closed","template":"full-width.php","meta":{"inline_featured_image":false,"footnotes":""},"class_list":["post-3897","page","type-page","status-publish","hentry"],"yoast_head":"<!-- This site is optimized with the Yoast SEO plugin v16.2 - https:\/\/yoast.com\/wordpress\/plugins\/seo\/ -->\n<title>Milos Daily Cruises - Sikia - Volcano Boat<\/title>\n<meta name=\"description\" content=\"La magnifique grotte marine \u00e0 toit ouvert, accessible uniquement par la mer. Volcano est le seul bateau d&#039;excursion qui passe la petite entr\u00e9e du magnifique paysage \u00e0 l&#039;int\u00e9rieur.\" \/>\n<meta name=\"robots\" content=\"index, follow, max-snippet:-1, max-image-preview:large, max-video-preview:-1\" \/>\n<link rel=\"canonical\" href=\"https:\/\/volcanoboat.eu\/fr\/sikia\/\" \/>\n<meta property=\"og:locale\" content=\"fr_FR\" \/>\n<meta property=\"og:type\" content=\"article\" \/>\n<meta property=\"og:title\" content=\"Milos Daily Cruises - Sikia - Volcano Boat\" \/>\n<meta property=\"og:description\" content=\"La magnifique grotte marine \u00e0 toit ouvert, accessible uniquement par la mer. Volcano est le seul bateau d&#039;excursion qui passe la petite entr\u00e9e du magnifique paysage \u00e0 l&#039;int\u00e9rieur.\" \/>\n<meta property=\"og:url\" content=\"https:\/\/volcanoboat.eu\/fr\/sikia\/\" \/>\n<meta property=\"og:site_name\" content=\"Volcano Boat\" \/>\n<meta property=\"article:publisher\" content=\"https:\/\/www.facebook.com\/volcanoboat\/\" \/>\n<meta property=\"article:modified_time\" content=\"2022-03-10T08:47:57+00:00\" \/>\n<meta name=\"twitter:card\" content=\"summary_large_image\" \/>\n<meta name=\"twitter:site\" content=\"@steliosvamvoun1\" \/>\n<meta name=\"twitter:label1\" content=\"Dur\u00e9e de lecture est.\">\n\t<meta name=\"twitter:data1\" content=\"1 minute\">\n<script type=\"application\/ld+json\" class=\"yoast-schema-graph\">{\"@context\":\"https:\/\/schema.org\",\"@graph\":[{\"@type\":\"Organization\",\"@id\":\"https:\/\/volcanoboat.eu\/#organization\",\"name\":\"Volcano Boat\",\"url\":\"https:\/\/volcanoboat.eu\/\",\"sameAs\":[\"https:\/\/www.facebook.com\/volcanoboat\/\",\"https:\/\/www.instagram.com\/volcanoboat\/\",\"https:\/\/www.youtube.com\/channel\/UC2F-ADXuz_e5rr-3f5BKvgA\/featured\",\"https:\/\/twitter.com\/steliosvamvoun1\"],\"logo\":{\"@type\":\"ImageObject\",\"@id\":\"https:\/\/volcanoboat.eu\/#logo\",\"inLanguage\":\"fr-FR\",\"url\":\"https:\/\/volcanoboat.eu\/wp-content\/uploads\/2021\/03\/logo-volcano-black.png\",\"contentUrl\":\"https:\/\/volcanoboat.eu\/wp-content\/uploads\/2021\/03\/logo-volcano-black.png\",\"width\":250,\"height\":83,\"caption\":\"Volcano Boat\"},\"image\":{\"@id\":\"https:\/\/volcanoboat.eu\/#logo\"}},{\"@type\":\"WebSite\",\"@id\":\"https:\/\/volcanoboat.eu\/#website\",\"url\":\"https:\/\/volcanoboat.eu\/\",\"name\":\"Volcano Boat\",\"description\":\"Milos Daily Cruises\",\"publisher\":{\"@id\":\"https:\/\/volcanoboat.eu\/#organization\"},\"potentialAction\":[{\"@type\":\"SearchAction\",\"target\":\"https:\/\/volcanoboat.eu\/?s={search_term_string}\",\"query-input\":\"required name=search_term_string\"}],\"inLanguage\":\"fr-FR\"},{\"@type\":\"WebPage\",\"@id\":\"https:\/\/volcanoboat.eu\/fr\/sikia\/#webpage\",\"url\":\"https:\/\/volcanoboat.eu\/fr\/sikia\/\",\"name\":\"Milos Daily Cruises - Sikia - Volcano Boat\",\"isPartOf\":{\"@id\":\"https:\/\/volcanoboat.eu\/#website\"},\"datePublished\":\"2021-04-16T10:29:00+00:00\",\"dateModified\":\"2022-03-10T08:47:57+00:00\",\"description\":\"La magnifique grotte marine \\u00e0 toit ouvert, accessible uniquement par la mer. Volcano est le seul bateau d'excursion qui passe la petite entr\\u00e9e du magnifique paysage \\u00e0 l'int\\u00e9rieur.\",\"breadcrumb\":{\"@id\":\"https:\/\/volcanoboat.eu\/fr\/sikia\/#breadcrumb\"},\"inLanguage\":\"fr-FR\",\"potentialAction\":[{\"@type\":\"ReadAction\",\"target\":[\"https:\/\/volcanoboat.eu\/fr\/sikia\/\"]}]},{\"@type\":\"BreadcrumbList\",\"@id\":\"https:\/\/volcanoboat.eu\/fr\/sikia\/#breadcrumb\",\"itemListElement\":[{\"@type\":\"ListItem\",\"position\":1,\"item\":{\"@type\":\"WebPage\",\"@id\":\"https:\/\/volcanoboat.eu\/fr\/\",\"url\":\"https:\/\/volcanoboat.eu\/fr\/\",\"name\":\"\\u0391\\u03c1\\u03c7\\u03b9\\u03ba\\u03ae\"}},{\"@type\":\"ListItem\",\"position\":2,\"item\":{\"@id\":\"https:\/\/volcanoboat.eu\/fr\/sikia\/#webpage\"}}]}]}<\/script>\n<!-- \/ Yoast SEO plugin. -->","_links":{"self":[{"href":"https:\/\/volcanoboat.eu\/fr\/wp-json\/wp\/v2\/pages\/3897","targetHints":{"allow":["GET"]}}],"collection":[{"href":"https:\/\/volcanoboat.eu\/fr\/wp-json\/wp\/v2\/pages"}],"about":[{"href":"https:\/\/volcanoboat.eu\/fr\/wp-json\/wp\/v2\/types\/page"}],"author":[{"embeddable":true,"href":"https:\/\/volcanoboat.eu\/fr\/wp-json\/wp\/v2\/users\/1"}],"replies":[{"embeddable":true,"href":"https:\/\/volcanoboat.eu\/fr\/wp-json\/wp\/v2\/comments?post=3897"}],"version-history":[{"count":6,"href":"https:\/\/volcanoboat.eu\/fr\/wp-json\/wp\/v2\/pages\/3897\/revisions"}],"predecessor-version":[{"id":4700,"href":"https:\/\/volcanoboat.eu\/fr\/wp-json\/wp\/v2\/pages\/3897\/revisions\/4700"}],"wp:attachment":[{"href":"https:\/\/volcanoboat.eu\/fr\/wp-json\/wp\/v2\/media?parent=3897"}],"curies":[{"name":"wp","href":"https:\/\/api.w.org\/{rel}","templated":true}]}}