{"id":4016,"date":"2020-01-30T09:17:32","date_gmt":"2020-01-30T09:17:32","guid":{"rendered":"https:\/\/volcanoboat.eu\/why-us\/"},"modified":"2021-05-28T15:31:40","modified_gmt":"2021-05-28T12:31:40","slug":"why-us","status":"publish","type":"page","link":"https:\/\/volcanoboat.eu\/fr\/why-us\/","title":{"rendered":"POURQUOI NOUS"},"content":{"rendered":"<p>[vc_row disable_background_image=\u00a0\u00bb1024&Prime; enable_surfer_icon=\u00a0\u00bbno\u00a0\u00bb css=\u00a0\u00bb.vc_custom_1620283682072{padding-top: 180px !important;padding-bottom: 0px !important;background-position: center !important;background-repeat: no-repeat !important;background-size: cover !important;}\u00a0\u00bb simple_background_image=\u00a0\u00bb1040&Prime; background_image_position=\u00a0\u00bbcenter bottom\u00a0\u00bb][vc_column css=\u00a0\u00bb.vc_custom_1580462469148{padding-top: 0px !important;padding-bottom: 0px !important;}\u00a0\u00bb][vc_row_inner row_content_width=\u00a0\u00bbgrid\u00a0\u00bb css=\u00a0\u00bb.vc_custom_1580464438993{padding-top: 0px !important;padding-bottom: 125px !important;}\u00a0\u00bb][vc_column_inner offset=\u00a0\u00bbvc_col-lg-5 vc_col-md-12&Prime; css=\u00a0\u00bb.vc_custom_1581598668264{padding-top: 0px !important;}\u00a0\u00bb]<div class=\"qodef-elements-holder   qodef-one-column  qodef-responsive-mode-768 \" ><div class=\"qodef-eh-item    \"  data-item-class=\"qodef-eh-custom-3842\" data-1400-1600=\"76px 22% 0 0\" data-1025-1399=\"50px 7% 0 0\" data-769-1024=\"0px 5% 80px 0\" data-681-768=\"0px 14% 80px 0\" data-680=\"0px 0px 80px 0\">\n\t<div class=\"qodef-eh-item-inner\">\n\t\t<div class=\"qodef-eh-item-content qodef-eh-custom-3842\" style=\"padding: 76px 22% 0 0\">\n\t\t\t<div class=\"qodef-section-title-holder  \" >\n\t<div class=\"qodef-st-inner\">\n        \t\t\t\t\t<h1 class=\"qodef-st-title\" >\n\t\t\t\tPOURQUOI NOUS ?\t\t\t<\/h1>\n\t\t        \t\t\t\t\t<\/div>\n<\/div>[vc_column_text]<\/p>\n<ul>\n<li><strong>BATEAU UNIQUE<\/strong> &#8211; L&rsquo;un des quatre au monde<\/li>\n<li><strong>HAUTE VITESSE<\/strong> &#8211; Nous sommes les premiers \u00e0 arriver \u00e0 chaque endroit et nous avons plus de temps pour en profiter<\/li>\n<li><strong>TAILLE<\/strong> &#8211; L&rsquo;un des plus gros <span style=\"font-weight: 400;\">bateaux pneumatiques<\/span>, <span style=\"font-weight: 400;\">avec un si\u00e8ge assur\u00e9 pour chaque passager<\/span><\/li>\n<li><strong>D\u00c9TENTE<\/strong> &#8211; Une conduite si r\u00e9guli\u00e8re, vous avez la sensation famili\u00e8re de conduire une voiture<\/li>\n<li><strong>ACC\u00c8S FACILE \u00c0 LA MER<\/strong> &#8211; Non seulement par l&rsquo;escalier mais aussi <span style=\"font-weight: 400;\">par<\/span> n&rsquo;importe quel endroit autour du bateau que vous pr\u00e9f\u00e9rez<\/li>\n<li><strong>S\u00c9CURIT\u00c9<\/strong> &#8211; Vous avez toujours les conseils et l&rsquo;attention des membres de l&rsquo;\u00e9quipage<\/li>\n<\/ul>\n<p>[\/vc_column_text]\t\t<\/div>\n\t<\/div>\n<\/div><\/div>[\/vc_column_inner][vc_column_inner offset=\u00a0\u00bbvc_col-lg-7 vc_col-md-12&Prime; css=\u00a0\u00bb.vc_custom_1581597907652{padding-top: 20px !important;padding-right: 0px !important;padding-left: 0px !important;}\u00a0\u00bb]<div class=\"qodef-elements-holder   qodef-two-columns  qodef-responsive-mode-680 \" ><div class=\"qodef-eh-item    \"  data-item-class=\"qodef-eh-custom-2628\" data-1025-1399=\"0px 16px 0 0px\" data-769-1024=\"0 16px 0 17px\" data-681-768=\"0 10px 5px 15px\" data-680=\"0 15px\">\n\t<div class=\"qodef-eh-item-inner\">\n\t\t<div class=\"qodef-eh-item-content qodef-eh-custom-2628\" style=\"padding: 0px 16px 0 17px\">\n\t\t\t[vc_single_image image=\u00a0\u00bb4024&Prime; img_size=\u00a0\u00bbfull\u00a0\u00bb]\t\t<\/div>\n\t<\/div>\n<\/div><div class=\"qodef-eh-item    \"  data-item-class=\"qodef-eh-custom-7795\" data-1025-1399=\"0px 0px 0 15px\" data-769-1024=\"0 16px 0 17px\" data-681-768=\"0 15px 5px 10px\" data-680=\"30px 15px 0\">\n\t<div class=\"qodef-eh-item-inner\">\n\t\t<div class=\"qodef-eh-item-content qodef-eh-custom-7795\" style=\"padding: 0px 16px 0 17px\">\n\t\t\t[vc_single_image image=\u00a0\u00bb4025&Prime; img_size=\u00a0\u00bbfull\u00a0\u00bb]\t\t<\/div>\n\t<\/div>\n<\/div><\/div>[\/vc_column_inner][\/vc_row_inner][\/vc_column][\/vc_row][vc_row content_text_aligment=\u00a0\u00bbcenter\u00a0\u00bb enable_surfer_icon=\u00a0\u00bbno\u00a0\u00bb css=\u00a0\u00bb.vc_custom_1620284843050{padding-top: 0px !important;}\u00a0\u00bb parallax_background_image=\u00a0\u00bb3537&Prime; parallax_bg_speed=\u00a0\u00bb1.5&Prime; parallax_bg_height=\u00a0\u00bb730px\u00a0\u00bb el_class=\u00a0\u00bbqodef-light-btt-skin\u00a0\u00bb][vc_column css=\u00a0\u00bb.vc_custom_1580392926560{padding-top: 302px !important;padding-bottom: 302px !important;}\u00a0\u00bb]<div class=\"qodef-video-button-holder   \">\n            <div class=\"qodef-video-button-image\">\n                    <\/div>\n                    <a class=\"qodef-video-button-play\"  href=\"https:\/\/youtu.be\/SQIKQm6Cbxg\" data-rel=\"prettyPhoto[video_button_pretty_photo_26]\">\n                <span class=\"qodef-video-button-play-inner\">\n                    <span class=\"qodef-icon-dripicons dripicon dripicons-media-play\"><\/span>\n                <\/span>\n            <\/a>\n            <\/div>[\/vc_column][\/vc_row][vc_row disable_background_image=\u00a0\u00bb1024&Prime; enable_surfer_icon=\u00a0\u00bbno\u00a0\u00bb simple_background_image=\u00a0\u00bb1060&Prime; css=\u00a0\u00bb.vc_custom_1580387276772{padding-top: 130px !important;padding-bottom: 117px !important;}\u00a0\u00bb background_image_position=\u00a0\u00bbcenter bottom\u00a0\u00bb][vc_column][vc_row_inner row_content_width=\u00a0\u00bbgrid\u00a0\u00bb][vc_column_inner offset=\u00a0\u00bbvc_col-lg-5 vc_col-md-12&Prime;]<div class=\"qodef-elements-holder   qodef-one-column  qodef-responsive-mode-768 \" ><div class=\"qodef-eh-item    \"  data-item-class=\"qodef-eh-custom-2073\" data-1400-1600=\"178px 8% 0 0\" data-1025-1399=\"178px 0 0 0\" data-769-1024=\"0px 0% 79px 0\" data-681-768=\"0px 0% 79px 0\" data-680=\"0px 0 79px 0\">\n\t<div class=\"qodef-eh-item-inner\">\n\t\t<div class=\"qodef-eh-item-content qodef-eh-custom-2073\" style=\"padding: 178px 9% 0 0\">\n\t\t\t<div class=\"qodef-section-title-holder  \" >\n\t<div class=\"qodef-st-inner\">\n        \t\t\t\t\t<h2 class=\"qodef-st-title\" style=\"color: #16d5cc\">\n\t\t\t\tPLUS DE CINQ ANS DANS LE JEU\t\t\t<\/h2>\n\t\t        \t\t\t\t\t<\/div>\n<\/div>[vc_column_text]<\/p>\n<ul>\n<li><strong>\u00c9QUIPAGE<\/strong> &#8211; Exp\u00e9riment\u00e9 et sympathique, fera de cette croisi\u00e8re le clou de vos vacances.<\/li>\n<li><strong>PETITS GROUPES<\/strong> &#8211; De cette fa\u00e7on, nous avons la possibilit\u00e9 d&rsquo;offrir un service client de haute qualit\u00e9.<\/li>\n<li><strong>NOTRE OBJECTIF<\/strong> &#8211; Devenir un\u00a0<span style=\"font-weight: 400;\">groupe d&rsquo;amis<\/span> conviviale et s&rsquo;amuser.<\/li>\n<li><strong>\u00c9QUIPEMENT DE SNORKELLING &#8211; <\/strong>est fourni par nous. (masques, tubas et palmes).<\/li>\n<li><strong>VISITE GUID\u00c9E<\/strong>\u00a0 &#8211;\u00a0 Nous vous pr\u00e9senterons tous les aspects int\u00e9ressants de Milos.<\/li>\n<\/ul>\n<p>[\/vc_column_text][vc_empty_space height=\u00a0\u00bb33px\u00a0\u00bb]\t\t<\/div>\n\t<\/div>\n<\/div><\/div>[\/vc_column_inner][vc_column_inner width=\u00a0\u00bb1\/2&Prime; offset=\u00a0\u00bbvc_col-lg-4 vc_col-md-6&Prime; css=\u00a0\u00bb.vc_custom_1578561141083{padding-left: 0px !important;}\u00a0\u00bb]<div class=\"qodef-elements-holder   qodef-one-column  qodef-responsive-mode-768 \" ><div class=\"qodef-eh-item    \"  data-item-class=\"qodef-eh-custom-1975\" data-769-1024=\"0 1px 0 15px\" data-681-768=\"0 0 0 15px\" data-680=\"0 0 0 15px\">\n\t<div class=\"qodef-eh-item-inner\">\n\t\t<div class=\"qodef-eh-item-content qodef-eh-custom-1975\" style=\"padding: 0 0 0 0\">\n\t\t\t[vc_single_image image=\u00a0\u00bb4026&Prime; img_size=\u00a0\u00bbfull\u00a0\u00bb]\t\t<\/div>\n\t<\/div>\n<\/div><\/div>[\/vc_column_inner][vc_column_inner width=\u00a0\u00bb1\/2&Prime; offset=\u00a0\u00bbvc_col-lg-3 vc_col-md-6&Prime;]<div class=\"qodef-elements-holder   qodef-one-column  qodef-responsive-mode-768 \" ><div class=\"qodef-eh-item    \"  data-item-class=\"qodef-eh-custom-5577\" data-1400-1600=\"77px 0 0 0\" data-1025-1399=\"67px 0 0 0\" data-769-1024=\"50px 23% 0px 0\" data-681-768=\"18px 35px 0 0\" data-680=\"32px 0px\">\n\t<div class=\"qodef-eh-item-inner\">\n\t\t<div class=\"qodef-eh-item-content qodef-eh-custom-5577\" style=\"padding: 77px 0 0 0\">\n\t\t\t[vc_single_image image=\u00a0\u00bb4027&Prime; img_size=\u00a0\u00bbfull\u00a0\u00bb]\t\t<\/div>\n\t<\/div>\n<\/div><\/div>[\/vc_column_inner][\/vc_row_inner][\/vc_column][\/vc_row]<\/p>\n","protected":false},"excerpt":{"rendered":"<p>[vc_row disable_background_image=\u00a0\u00bb1024&Prime; enable_surfer_icon=\u00a0\u00bbno\u00a0\u00bb css=\u00a0\u00bb.vc_custom_1620283682072{padding-top: 180px !important;padding-bottom: 0px !important;background-position: center !important;background-repeat: no-repeat !important;background-size: cover !important;}\u00a0\u00bb simple_background_image=\u00a0\u00bb1040&Prime; background_image_position=\u00a0\u00bbcenter bottom\u00a0\u00bb][vc_column css=\u00a0\u00bb.vc_custom_1580462469148{padding-top: 0px !important;padding-bottom: 0px !important;}\u00a0\u00bb][vc_row_inner row_content_width=\u00a0\u00bbgrid\u00a0\u00bb css=\u00a0\u00bb.vc_custom_1580464438993{padding-top: 0px !important;padding-bottom: 125px !important;}\u00a0\u00bb][vc_column_inner offset=\u00a0\u00bbvc_col-lg-5 vc_col-md-12&Prime; css=\u00a0\u00bb.vc_custom_1581598668264{padding-top: 0px !important;}\u00a0\u00bb][\/vc_column_inner][vc_column_inner offset=\u00a0\u00bbvc_col-lg-7 vc_col-md-12&Prime; css=\u00a0\u00bb.vc_custom_1581597907652{padding-top: 20px !important;padding-right: 0px !important;padding-left: [&hellip;]<\/p>\n","protected":false},"author":1,"featured_media":0,"parent":0,"menu_order":0,"comment_status":"closed","ping_status":"closed","template":"full-width.php","meta":{"inline_featured_image":false,"footnotes":""},"class_list":["post-4016","page","type-page","status-publish","hentry"],"yoast_head":"<!-- This site is optimized with the Yoast SEO plugin v16.2 - https:\/\/yoast.com\/wordpress\/plugins\/seo\/ -->\n<title>POURQUOI NOUS - Volcano Boat<\/title>\n<meta name=\"robots\" content=\"index, follow, max-snippet:-1, max-image-preview:large, max-video-preview:-1\" \/>\n<link rel=\"canonical\" href=\"https:\/\/volcanoboat.eu\/fr\/why-us\/\" \/>\n<meta property=\"og:locale\" content=\"fr_FR\" \/>\n<meta property=\"og:type\" content=\"article\" \/>\n<meta property=\"og:title\" content=\"POURQUOI NOUS - Volcano Boat\" \/>\n<meta property=\"og:description\" content=\"[vc_row disable_background_image=\u00a0\u00bb1024&Prime; enable_surfer_icon=\u00a0\u00bbno\u00a0\u00bb css=\u00a0\u00bb.vc_custom_1620283682072{padding-top: 180px !important;padding-bottom: 0px !important;background-position: center !important;background-repeat: no-repeat !important;background-size: cover !important;}\u00a0\u00bb simple_background_image=\u00a0\u00bb1040&Prime; background_image_position=\u00a0\u00bbcenter bottom\u00a0\u00bb][vc_column css=\u00a0\u00bb.vc_custom_1580462469148{padding-top: 0px !important;padding-bottom: 0px !important;}\u00a0\u00bb][vc_row_inner row_content_width=\u00a0\u00bbgrid\u00a0\u00bb css=\u00a0\u00bb.vc_custom_1580464438993{padding-top: 0px !important;padding-bottom: 125px !important;}\u00a0\u00bb][vc_column_inner offset=\u00a0\u00bbvc_col-lg-5 vc_col-md-12&Prime; css=\u00a0\u00bb.vc_custom_1581598668264{padding-top: 0px !important;}\u00a0\u00bb][\/vc_column_inner][vc_column_inner offset=\u00a0\u00bbvc_col-lg-7 vc_col-md-12&Prime; css=\u00a0\u00bb.vc_custom_1581597907652{padding-top: 20px !important;padding-right: 0px !important;padding-left: [&hellip;]\" \/>\n<meta property=\"og:url\" content=\"https:\/\/volcanoboat.eu\/fr\/why-us\/\" \/>\n<meta property=\"og:site_name\" content=\"Volcano Boat\" \/>\n<meta property=\"article:publisher\" content=\"https:\/\/www.facebook.com\/volcanoboat\/\" \/>\n<meta property=\"article:modified_time\" content=\"2021-05-28T12:31:40+00:00\" \/>\n<meta name=\"twitter:card\" content=\"summary_large_image\" \/>\n<meta name=\"twitter:site\" content=\"@steliosvamvoun1\" \/>\n<meta name=\"twitter:label1\" content=\"Dur\u00e9e de lecture est.\">\n\t<meta name=\"twitter:data1\" content=\"2 minutes\">\n<script type=\"application\/ld+json\" class=\"yoast-schema-graph\">{\"@context\":\"https:\/\/schema.org\",\"@graph\":[{\"@type\":\"Organization\",\"@id\":\"https:\/\/volcanoboat.eu\/#organization\",\"name\":\"Volcano Boat\",\"url\":\"https:\/\/volcanoboat.eu\/\",\"sameAs\":[\"https:\/\/www.facebook.com\/volcanoboat\/\",\"https:\/\/www.instagram.com\/volcanoboat\/\",\"https:\/\/www.youtube.com\/channel\/UC2F-ADXuz_e5rr-3f5BKvgA\/featured\",\"https:\/\/twitter.com\/steliosvamvoun1\"],\"logo\":{\"@type\":\"ImageObject\",\"@id\":\"https:\/\/volcanoboat.eu\/#logo\",\"inLanguage\":\"fr-FR\",\"url\":\"https:\/\/volcanoboat.eu\/wp-content\/uploads\/2021\/03\/logo-volcano-black.png\",\"contentUrl\":\"https:\/\/volcanoboat.eu\/wp-content\/uploads\/2021\/03\/logo-volcano-black.png\",\"width\":250,\"height\":83,\"caption\":\"Volcano Boat\"},\"image\":{\"@id\":\"https:\/\/volcanoboat.eu\/#logo\"}},{\"@type\":\"WebSite\",\"@id\":\"https:\/\/volcanoboat.eu\/#website\",\"url\":\"https:\/\/volcanoboat.eu\/\",\"name\":\"Volcano Boat\",\"description\":\"Milos Daily Cruises\",\"publisher\":{\"@id\":\"https:\/\/volcanoboat.eu\/#organization\"},\"potentialAction\":[{\"@type\":\"SearchAction\",\"target\":\"https:\/\/volcanoboat.eu\/?s={search_term_string}\",\"query-input\":\"required name=search_term_string\"}],\"inLanguage\":\"fr-FR\"},{\"@type\":\"WebPage\",\"@id\":\"https:\/\/volcanoboat.eu\/fr\/why-us\/#webpage\",\"url\":\"https:\/\/volcanoboat.eu\/fr\/why-us\/\",\"name\":\"POURQUOI NOUS - Volcano Boat\",\"isPartOf\":{\"@id\":\"https:\/\/volcanoboat.eu\/#website\"},\"datePublished\":\"2020-01-30T09:17:32+00:00\",\"dateModified\":\"2021-05-28T12:31:40+00:00\",\"breadcrumb\":{\"@id\":\"https:\/\/volcanoboat.eu\/fr\/why-us\/#breadcrumb\"},\"inLanguage\":\"fr-FR\",\"potentialAction\":[{\"@type\":\"ReadAction\",\"target\":[\"https:\/\/volcanoboat.eu\/fr\/why-us\/\"]}]},{\"@type\":\"BreadcrumbList\",\"@id\":\"https:\/\/volcanoboat.eu\/fr\/why-us\/#breadcrumb\",\"itemListElement\":[{\"@type\":\"ListItem\",\"position\":1,\"item\":{\"@type\":\"WebPage\",\"@id\":\"https:\/\/volcanoboat.eu\/fr\/\",\"url\":\"https:\/\/volcanoboat.eu\/fr\/\",\"name\":\"\\u0391\\u03c1\\u03c7\\u03b9\\u03ba\\u03ae\"}},{\"@type\":\"ListItem\",\"position\":2,\"item\":{\"@id\":\"https:\/\/volcanoboat.eu\/fr\/why-us\/#webpage\"}}]}]}<\/script>\n<!-- \/ Yoast SEO plugin. -->","_links":{"self":[{"href":"https:\/\/volcanoboat.eu\/fr\/wp-json\/wp\/v2\/pages\/4016","targetHints":{"allow":["GET"]}}],"collection":[{"href":"https:\/\/volcanoboat.eu\/fr\/wp-json\/wp\/v2\/pages"}],"about":[{"href":"https:\/\/volcanoboat.eu\/fr\/wp-json\/wp\/v2\/types\/page"}],"author":[{"embeddable":true,"href":"https:\/\/volcanoboat.eu\/fr\/wp-json\/wp\/v2\/users\/1"}],"replies":[{"embeddable":true,"href":"https:\/\/volcanoboat.eu\/fr\/wp-json\/wp\/v2\/comments?post=4016"}],"version-history":[{"count":7,"href":"https:\/\/volcanoboat.eu\/fr\/wp-json\/wp\/v2\/pages\/4016\/revisions"}],"predecessor-version":[{"id":4604,"href":"https:\/\/volcanoboat.eu\/fr\/wp-json\/wp\/v2\/pages\/4016\/revisions\/4604"}],"wp:attachment":[{"href":"https:\/\/volcanoboat.eu\/fr\/wp-json\/wp\/v2\/media?parent=4016"}],"curies":[{"name":"wp","href":"https:\/\/api.w.org\/{rel}","templated":true}]}}