{"id":4042,"date":"2020-01-31T13:43:07","date_gmt":"2020-01-31T13:43:07","guid":{"rendered":"https:\/\/volcanoboat.eu\/contact-us\/"},"modified":"2022-03-28T11:21:39","modified_gmt":"2022-03-28T08:21:39","slug":"contact-us","status":"publish","type":"page","link":"https:\/\/volcanoboat.eu\/fr\/contact-us\/","title":{"rendered":"NOUS CONTACTER"},"content":{"rendered":"<p>[vc_row row_content_width=\u00a0\u00bbgrid\u00a0\u00bb disable_background_image=\u00a0\u00bb1024&Prime; enable_surfer_icon=\u00a0\u00bbno\u00a0\u00bb css=\u00a0\u00bb.vc_custom_1580478338672{padding-top: 130px !important;padding-bottom: 160px !important;}\u00a0\u00bb simple_background_image=\u00a0\u00bb1085&Prime; background_image_position=\u00a0\u00bbcenter top\u00a0\u00bb][vc_column offset=\u00a0\u00bbvc_col-lg-6&Prime;]<div class=\"qodef-elements-holder   qodef-one-column  qodef-responsive-mode-768 \" ><div class=\"qodef-eh-item    \"  data-item-class=\"qodef-eh-custom-7662\" data-769-1024=\"0 0\" data-681-768=\"0 0\" data-680=\"0 0\">\n\t<div class=\"qodef-eh-item-inner\">\n\t\t<div class=\"qodef-eh-item-content qodef-eh-custom-7662\" style=\"padding: 0 16.5% 0 0\">\n\t\t\t[vc_single_image image=\u00a0\u00bb1071&Prime; img_size=\u00a0\u00bbfull\u00a0\u00bb]\t\t<\/div>\n\t<\/div>\n<\/div><\/div>[\/vc_column][vc_column offset=\u00a0\u00bbvc_col-lg-6&Prime;]<div class=\"qodef-elements-holder   qodef-one-column  qodef-responsive-mode-768 \" ><div class=\"qodef-eh-item    \"  data-item-class=\"qodef-eh-custom-6879\" data-1400-1600=\"139px 5px 0 0\" data-1025-1399=\"84px 0 0\" data-769-1024=\"75px 0 0\" data-681-768=\"75px 0 0\" data-680=\"77px 0 0\">\n\t<div class=\"qodef-eh-item-inner\">\n\t\t<div class=\"qodef-eh-item-content qodef-eh-custom-6879\" style=\"padding: 155px 5px 0 0\">\n\t\t\t<div class=\"qodef-section-title-holder  \" >\n\t<div class=\"qodef-st-inner\">\n                    <span class=\"qodef-st-background-text\" style=\"text-align: left\"><\/span>\n        \t\t\t\t\t<h1 class=\"qodef-st-title\" >\n\t\t\t\tSERVICE SUP\u00c9RIEUR\t\t\t<\/h1>\n\t\t                        <span class=\"qodef-st-caption\" style=\"margin: 15px 0 0\">Nous visons \u00e0 fournir une qualit\u00e9 de service sup\u00e9rieure \u00e0 nos clients.<\/span>\n        \t\t\t\t\t<\/div>\n<\/div>[vc_empty_space height=\u00a0\u00bb31px\u00a0\u00bb][vc_column_text]T\u00e9l\u00e9phoner: <a href=\"tel:00306949244200\">+30 69 49 244 200<\/a><br \/>\nWhatsapp: <a href=\"https:\/\/web.whatsapp.com\/send?phone=306949244200\">+30 69 49 244 200<\/a><br \/>\nViber: <a href=\"viber:\/\/chat?number=+306949244200\">+30 69 49 244 200<\/a><br \/>\nE-mail: <a href=\"mailto:volcanoboat@gmail.com\">volcanoboat@gmail.com<\/a>[\/vc_column_text]\t\t<\/div>\n\t<\/div>\n<\/div><\/div>[\/vc_column][\/vc_row]<\/p>\n","protected":false},"excerpt":{"rendered":"<p>[vc_row row_content_width=\u00a0\u00bbgrid\u00a0\u00bb disable_background_image=\u00a0\u00bb1024&Prime; enable_surfer_icon=\u00a0\u00bbno\u00a0\u00bb css=\u00a0\u00bb.vc_custom_1580478338672{padding-top: 130px !important;padding-bottom: 160px !important;}\u00a0\u00bb simple_background_image=\u00a0\u00bb1085&Prime; background_image_position=\u00a0\u00bbcenter top\u00a0\u00bb][vc_column offset=\u00a0\u00bbvc_col-lg-6&Prime;][\/vc_column][vc_column offset=\u00a0\u00bbvc_col-lg-6&Prime;][\/vc_column][\/vc_row]<\/p>\n","protected":false},"author":1,"featured_media":0,"parent":0,"menu_order":0,"comment_status":"closed","ping_status":"closed","template":"full-width.php","meta":{"inline_featured_image":false,"footnotes":""},"class_list":["post-4042","page","type-page","status-publish","hentry"],"yoast_head":"<!-- This site is optimized with the Yoast SEO plugin v16.2 - https:\/\/yoast.com\/wordpress\/plugins\/seo\/ -->\n<title>Milos Daily Cruises - NOUS CONTACTER - Volcano Boat<\/title>\n<meta name=\"description\" content=\"Nous visons \u00e0 fournir une qualit\u00e9 de service sup\u00e9rieure \u00e0 nos clients. Vous pouvez nous contacter \u00e0 tout moment.\" \/>\n<meta name=\"robots\" content=\"index, follow, max-snippet:-1, max-image-preview:large, max-video-preview:-1\" \/>\n<link rel=\"canonical\" href=\"https:\/\/volcanoboat.eu\/fr\/contact-us\/\" \/>\n<meta property=\"og:locale\" content=\"fr_FR\" \/>\n<meta property=\"og:type\" content=\"article\" \/>\n<meta property=\"og:title\" content=\"Milos Daily Cruises - NOUS CONTACTER - Volcano Boat\" \/>\n<meta property=\"og:description\" content=\"Nous visons \u00e0 fournir une qualit\u00e9 de service sup\u00e9rieure \u00e0 nos clients. Vous pouvez nous contacter \u00e0 tout moment.\" \/>\n<meta property=\"og:url\" content=\"https:\/\/volcanoboat.eu\/fr\/contact-us\/\" \/>\n<meta property=\"og:site_name\" content=\"Volcano Boat\" \/>\n<meta property=\"article:publisher\" content=\"https:\/\/www.facebook.com\/volcanoboat\/\" \/>\n<meta property=\"article:modified_time\" content=\"2022-03-28T08:21:39+00:00\" \/>\n<meta name=\"twitter:card\" content=\"summary_large_image\" \/>\n<meta name=\"twitter:site\" content=\"@steliosvamvoun1\" \/>\n<meta name=\"twitter:label1\" content=\"Dur\u00e9e de lecture est.\">\n\t<meta name=\"twitter:data1\" content=\"1 minute\">\n<script type=\"application\/ld+json\" class=\"yoast-schema-graph\">{\"@context\":\"https:\/\/schema.org\",\"@graph\":[{\"@type\":\"Organization\",\"@id\":\"https:\/\/volcanoboat.eu\/#organization\",\"name\":\"Volcano Boat\",\"url\":\"https:\/\/volcanoboat.eu\/\",\"sameAs\":[\"https:\/\/www.facebook.com\/volcanoboat\/\",\"https:\/\/www.instagram.com\/volcanoboat\/\",\"https:\/\/www.youtube.com\/channel\/UC2F-ADXuz_e5rr-3f5BKvgA\/featured\",\"https:\/\/twitter.com\/steliosvamvoun1\"],\"logo\":{\"@type\":\"ImageObject\",\"@id\":\"https:\/\/volcanoboat.eu\/#logo\",\"inLanguage\":\"fr-FR\",\"url\":\"https:\/\/volcanoboat.eu\/wp-content\/uploads\/2021\/03\/logo-volcano-black.png\",\"contentUrl\":\"https:\/\/volcanoboat.eu\/wp-content\/uploads\/2021\/03\/logo-volcano-black.png\",\"width\":250,\"height\":83,\"caption\":\"Volcano Boat\"},\"image\":{\"@id\":\"https:\/\/volcanoboat.eu\/#logo\"}},{\"@type\":\"WebSite\",\"@id\":\"https:\/\/volcanoboat.eu\/#website\",\"url\":\"https:\/\/volcanoboat.eu\/\",\"name\":\"Volcano Boat\",\"description\":\"Milos Daily Cruises\",\"publisher\":{\"@id\":\"https:\/\/volcanoboat.eu\/#organization\"},\"potentialAction\":[{\"@type\":\"SearchAction\",\"target\":\"https:\/\/volcanoboat.eu\/?s={search_term_string}\",\"query-input\":\"required name=search_term_string\"}],\"inLanguage\":\"fr-FR\"},{\"@type\":\"WebPage\",\"@id\":\"https:\/\/volcanoboat.eu\/fr\/contact-us\/#webpage\",\"url\":\"https:\/\/volcanoboat.eu\/fr\/contact-us\/\",\"name\":\"Milos Daily Cruises - NOUS CONTACTER - Volcano Boat\",\"isPartOf\":{\"@id\":\"https:\/\/volcanoboat.eu\/#website\"},\"datePublished\":\"2020-01-31T13:43:07+00:00\",\"dateModified\":\"2022-03-28T08:21:39+00:00\",\"description\":\"Nous visons \\u00e0 fournir une qualit\\u00e9 de service sup\\u00e9rieure \\u00e0 nos clients. Vous pouvez nous contacter \\u00e0 tout moment.\",\"breadcrumb\":{\"@id\":\"https:\/\/volcanoboat.eu\/fr\/contact-us\/#breadcrumb\"},\"inLanguage\":\"fr-FR\",\"potentialAction\":[{\"@type\":\"ReadAction\",\"target\":[\"https:\/\/volcanoboat.eu\/fr\/contact-us\/\"]}]},{\"@type\":\"BreadcrumbList\",\"@id\":\"https:\/\/volcanoboat.eu\/fr\/contact-us\/#breadcrumb\",\"itemListElement\":[{\"@type\":\"ListItem\",\"position\":1,\"item\":{\"@type\":\"WebPage\",\"@id\":\"https:\/\/volcanoboat.eu\/fr\/\",\"url\":\"https:\/\/volcanoboat.eu\/fr\/\",\"name\":\"\\u0391\\u03c1\\u03c7\\u03b9\\u03ba\\u03ae\"}},{\"@type\":\"ListItem\",\"position\":2,\"item\":{\"@id\":\"https:\/\/volcanoboat.eu\/fr\/contact-us\/#webpage\"}}]}]}<\/script>\n<!-- \/ Yoast SEO plugin. -->","_links":{"self":[{"href":"https:\/\/volcanoboat.eu\/fr\/wp-json\/wp\/v2\/pages\/4042","targetHints":{"allow":["GET"]}}],"collection":[{"href":"https:\/\/volcanoboat.eu\/fr\/wp-json\/wp\/v2\/pages"}],"about":[{"href":"https:\/\/volcanoboat.eu\/fr\/wp-json\/wp\/v2\/types\/page"}],"author":[{"embeddable":true,"href":"https:\/\/volcanoboat.eu\/fr\/wp-json\/wp\/v2\/users\/1"}],"replies":[{"embeddable":true,"href":"https:\/\/volcanoboat.eu\/fr\/wp-json\/wp\/v2\/comments?post=4042"}],"version-history":[{"count":6,"href":"https:\/\/volcanoboat.eu\/fr\/wp-json\/wp\/v2\/pages\/4042\/revisions"}],"predecessor-version":[{"id":4827,"href":"https:\/\/volcanoboat.eu\/fr\/wp-json\/wp\/v2\/pages\/4042\/revisions\/4827"}],"wp:attachment":[{"href":"https:\/\/volcanoboat.eu\/fr\/wp-json\/wp\/v2\/media?parent=4042"}],"curies":[{"name":"wp","href":"https:\/\/api.w.org\/{rel}","templated":true}]}}